{"id":594,"date":"2025-09-20T11:04:40","date_gmt":"2025-09-20T09:04:40","guid":{"rendered":"https:\/\/automos.at\/haftungsausschluss\/"},"modified":"2025-09-20T11:04:40","modified_gmt":"2025-09-20T09:04:40","slug":"haftungsausschluss","status":"publish","type":"page","link":"https:\/\/automos.at\/hu\/haftungsausschluss\/","title":{"rendered":"Jogi nyilatkozat"},"content":{"rendered":"<!-- Legal document generated by Complianz | GDPR\/CCPA Cookie Consent https:\/\/wordpress.org\/plugins\/complianz-gdpr -->\n<div id=\"cmplz-document\" class=\"cmplz-document disclaimer cmplz-document-all\"><p>J\u00e1ger-Pataki Lehel Attila elk\u00f6telezett a honlap naprak\u00e9sz \u00e9s pontos fenntart\u00e1sa mellett. Amennyiben m\u00e9gis hib\u00e1s vagy elavult inform\u00e1ci\u00f3val tal\u00e1lkozna, k\u00e9rj\u00fck, jelezze fel\u00e9nk. K\u00e9rj\u00fck, jelezze, hogy a honlapon hol olvasta az inform\u00e1ci\u00f3t. Ezt k\u00f6vet\u0151en a lehet\u0151 leghamarabb ut\u00e1nan\u00e9z\u00fcnk. K\u00e9rj\u00fck, hogy v\u00e1lasz\u00e1t e-mailben k\u00fcldje el a k\u00f6vetkez\u0151 c\u00edmre: <span class=\"cmplz-obfuscate\">enquiry@<span class=\"cmplz-fmail-domain\">ex.com<\/span>a&#117;tom&#111;s.a&#116;<\/span>.<\/p><p>Nem v\u00e1llalunk felel\u0151ss\u00e9get a pontatlans\u00e1gokb\u00f3l vagy hi\u00e1nyoss\u00e1gokb\u00f3l ered\u0151 vesztes\u00e9gek\u00e9rt, sem az olyan vesztes\u00e9gek\u00e9rt, amelyek az inform\u00e1ci\u00f3 interneten kereszt\u00fcl t\u00f6rt\u00e9n\u0151 terjeszt\u00e9se \u00e1ltal okozott vagy azzal egy\u00fctt j\u00e1r\u00f3 probl\u00e9m\u00e1kb\u00f3l, p\u00e9ld\u00e1ul megszak\u00edt\u00e1sokb\u00f3l vagy fennakad\u00e1sokb\u00f3l erednek. A webes \u0171rlapok haszn\u00e1lata sor\u00e1n igyeksz\u00fcnk a sz\u00fcks\u00e9ges mez\u0151k sz\u00e1m\u00e1t a lehet\u0151 legkisebbre korl\u00e1tozni. A Lehel Attila J\u00e1ger-Pataki \u00e1ltal vagy a Lehel Attila J\u00e1ger-Pataki nev\u00e9ben e weboldalon kereszt\u00fcl ny\u00fajtott adatok, tan\u00e1csok vagy \u00f6tletek felhaszn\u00e1l\u00e1sa k\u00f6vetkezt\u00e9ben elszenvedett vesztes\u00e9gek\u00e9rt a Lehel Attila J\u00e1ger-Pataki nem v\u00e1llal felel\u0151ss\u00e9get.<\/p><p>Az e-mailben vagy webes \u0171rlapon k\u00fcld\u00f6tt v\u00e1laszokat \u00e9s adatv\u00e9delmi k\u00e9rd\u00e9seket ugyan\u00fagy kezelj\u00fck, mint a leveleket. Ez azt jelenti, hogy legk\u00e9s\u0151bb 1 h\u00f3napon bel\u00fcl sz\u00e1m\u00edthat a v\u00e1laszunkra. \u00d6sszetett k\u00e9r\u00e9sek eset\u00e9n 1 h\u00f3napon bel\u00fcl t\u00e1j\u00e9koztatjuk \u00d6nt, ha legfeljebb 3 h\u00f3napra van sz\u00fcks\u00e9g\u00fcnk.<\/p><p>A v\u00e1lasz\u00e1val vagy inform\u00e1ci\u00f3k\u00e9r\u00e9s\u00e9vel \u00f6sszef\u00fcgg\u00e9sben megadott szem\u00e9lyes adatait kiz\u00e1r\u00f3lag az adatv\u00e9delmi nyilatkozatunknak megfelel\u0151en haszn\u00e1ljuk fel.<\/p><p>A J\u00e1ger-Pataki Lehel Attila minden \u00e9sszer\u0171 er\u0151fesz\u00edt\u00e9st megtesz annak \u00e9rdek\u00e9ben, hogy megv\u00e9dje rendszereit a jogellenes haszn\u00e1lat minden form\u00e1ja ellen. A Lehel J\u00e1ger-Pataki Attila ennek \u00e9rdek\u00e9ben megfelel\u0151 technikai \u00e9s szervez\u00e9si int\u00e9zked\u00e9seket hajt v\u00e9gre, figyelembe v\u00e9ve t\u00f6bbek k\u00f6z\u00f6tt a technika \u00e1ll\u00e1s\u00e1t. Nem v\u00e1llal azonban felel\u0151ss\u00e9get a weboldal felhaszn\u00e1l\u00f3j\u00e1t \u00e9rt k\u00f6zvetlen \u00e9s\/vagy k\u00f6zvetett vesztes\u00e9gek\u00e9rt, amelyek a rendszereinek harmadik f\u00e9l \u00e1ltali jogellenes haszn\u00e1lata k\u00f6vetkezt\u00e9ben keletkeznek.<\/p><p>A Lehel Attila J\u00e1ger-Pataki nem v\u00e1llal felel\u0151ss\u00e9get azon weboldalak tartalm\u00e1\u00e9rt, amelyekre vagy amelyekr\u0151l hiperlink vagy egy\u00e9b hivatkoz\u00e1s vezet. A harmadik f\u00e9l \u00e1ltal k\u00edn\u00e1lt term\u00e9kekre vagy szolg\u00e1ltat\u00e1sokra az adott harmadik f\u00e9l vonatkoz\u00f3 felt\u00e9telei vonatkoznak.<\/p><p>A weboldalon tal\u00e1lhat\u00f3 tartalmakhoz f\u0171z\u0151d\u0151 szellemi tulajdonjogok Lehel Attila J\u00e1ger-Pataki-t illetik meg.<\/p><p>Az anyagok m\u00e1sol\u00e1sa, terjeszt\u00e9se \u00e9s b\u00e1rmilyen m\u00e1s m\u00f3don t\u00f6rt\u00e9n\u0151 felhaszn\u00e1l\u00e1sa J\u00e1ger-Pataki Lehel Attila \u00edr\u00e1sos enged\u00e9lye n\u00e9lk\u00fcl tilos, kiv\u00e9ve \u00e9s csak annyiban, amennyiben a k\u00f6telez\u0151 jogszab\u00e1lyok m\u00e1sk\u00e9nt rendelkeznek (pl. id\u00e9z\u00e9si jog), kiv\u00e9ve, ha a konkr\u00e9t tartalom m\u00e1sk\u00e9nt rendelkezik.<\/p><p>Ha b\u00e1rmilyen k\u00e9rd\u00e9se vagy probl\u00e9m\u00e1ja van a weboldal el\u00e9rhet\u0151s\u00e9g\u00e9vel kapcsolatban, k\u00e9rj\u00fck, forduljon hozz\u00e1nk bizalommal.<\/p><\/div>","protected":false},"excerpt":{"rendered":"","protected":false},"author":1,"featured_media":0,"parent":0,"menu_order":0,"comment_status":"closed","ping_status":"closed","template":"","meta":{"footnotes":""},"class_list":["post-594","page","type-page","status-publish","hentry"],"_links":{"self":[{"href":"https:\/\/automos.at\/hu\/wp-json\/wp\/v2\/pages\/594","targetHints":{"allow":["GET"]}}],"collection":[{"href":"https:\/\/automos.at\/hu\/wp-json\/wp\/v2\/pages"}],"about":[{"href":"https:\/\/automos.at\/hu\/wp-json\/wp\/v2\/types\/page"}],"author":[{"embeddable":true,"href":"https:\/\/automos.at\/hu\/wp-json\/wp\/v2\/users\/1"}],"replies":[{"embeddable":true,"href":"https:\/\/automos.at\/hu\/wp-json\/wp\/v2\/comments?post=594"}],"version-history":[{"count":0,"href":"https:\/\/automos.at\/hu\/wp-json\/wp\/v2\/pages\/594\/revisions"}],"wp:attachment":[{"href":"https:\/\/automos.at\/hu\/wp-json\/wp\/v2\/media?parent=594"}],"curies":[{"name":"wp","href":"https:\/\/api.w.org\/{rel}","templated":true}]}}