{"id":593,"date":"2025-09-20T11:04:40","date_gmt":"2025-09-20T09:04:40","guid":{"rendered":"https:\/\/automos.at\/impressum\/"},"modified":"2025-10-18T10:44:36","modified_gmt":"2025-10-18T08:44:36","slug":"impressum","status":"publish","type":"page","link":"https:\/\/automos.at\/hu\/impressum\/","title":{"rendered":"Jogi nyilatkozat"},"content":{"rendered":"<p class=\"adsimple-121910445\">Angaben gem\u00e4\u00df Informationspflicht laut \u00a75 E-Commerce Gesetz, \u00a714 Unternehmensgesetzbuch, \u00a763 Gewerbeordnung und Offenlegungspflicht laut \u00a725 Mediengesetz.<\/p>\n<p class=\"adsimple-121910445\">Lehel Attila J\u00e1ger-Pataki<br \/>\nLehel Attila J\u00e1ger-Pataki<br \/>\nMautner Markhof-Stra\u00dfe 4, Stg. 1a, T\u00fcr 25,<br \/>\n2320 Schwechat,<br \/>\nAusztria<\/p>\n<p class=\"adsimple-121910445\"><strong>Unternehmensgegenstand:<\/strong>\u00a0IT Dienstleistungen<br \/>\n<strong>GLN:<\/strong>\u00a09110031436493<br \/>\n<strong>GISA:<\/strong>\u00a034357064<\/p>\n<p class=\"adsimple-121910445\"><strong>Tel.:<\/strong>\u00a0068110239761<br \/>\n<strong>E-Mail:<\/strong>\u00a0<a href=\"mailto:info@webshark.at\">anfrage@automos.at<\/a><\/p>\n<p class=\"adsimple-121910445\"><strong>Mitglied bei:<\/strong>\u00a0WKO, Nieder\u00f6sterreich<br \/>\n<strong>Berufsrecht:<\/strong>\u00a0Gewerbeordnung: www.ris.bka.gv.at<\/p>\n<p class=\"adsimple-121910445\"><strong>Aufsichtsbeh\u00f6rde\/Gewerbebeh\u00f6rde:<\/strong>\u00a0Beh\u00f6rde gem. ECG (E-Commerce Gesetz) \u2013 Bezirkshauptmannschaft Bruck\/Leitha<br \/>\n<strong>Berufsbezeichnung:<\/strong>\u00a0Dienstleistungen in der automatischen Datenverarbeitung und Informationstechnik<br \/>\n<strong>Verleihungsstaat:<\/strong>\u00a0Ausztria<\/p>\n<p class=\"adsimple-121910445\"><strong>Kontaktdaten des Verantwortlichen f\u00fcr Datenschutz<\/strong><br \/>\nSollten Sie Fragen zum Datenschutz haben, finden Sie nachfolgend die Kontaktdaten der verantwortlichen Person bzw. Stelle:<br \/>\nLehel Attila J\u00e1ger-Pataki<br \/>\n2320 Schwechat<br \/>\nMautner Markhof-Stra\u00dfe 4 Stg. 1a, T\u00fcr 25<\/p>","protected":false},"excerpt":{"rendered":"<p>Angaben gem\u00e4\u00df Informationspflicht laut \u00a75 E-Commerce Gesetz, \u00a714 Unternehmensgesetzbuch, \u00a763 Gewerbeordnung und Offenlegungspflicht laut \u00a725 Mediengesetz. Lehel Attila J\u00e1ger-Pataki Lehel Attila J\u00e1ger-Pataki Mautner Markhof-Stra\u00dfe 4, Stg. 1a, T\u00fcr 25, 2320 Schwechat, \u00d6sterreich Unternehmensgegenstand:\u00a0IT Dienstleistungen GLN:\u00a09110031436493 GISA:\u00a034357064 Tel.:\u00a0068110239761 E-Mail:\u00a0anfrage@automos.at Mitglied bei:\u00a0WKO, Nieder\u00f6sterreich Berufsrecht:\u00a0Gewerbeordnung: www.ris.bka.gv.at Aufsichtsbeh\u00f6rde\/Gewerbebeh\u00f6rde:\u00a0Beh\u00f6rde gem. ECG (E-Commerce Gesetz) \u2013 Bezirkshauptmannschaft Bruck\/Leitha Berufsbezeichnung:\u00a0Dienstleistungen in der automatischen [&hellip;]<\/p>","protected":false},"author":1,"featured_media":0,"parent":0,"menu_order":0,"comment_status":"closed","ping_status":"closed","template":"","meta":{"footnotes":""},"class_list":["post-593","page","type-page","status-publish","hentry"],"_links":{"self":[{"href":"https:\/\/automos.at\/hu\/wp-json\/wp\/v2\/pages\/593","targetHints":{"allow":["GET"]}}],"collection":[{"href":"https:\/\/automos.at\/hu\/wp-json\/wp\/v2\/pages"}],"about":[{"href":"https:\/\/automos.at\/hu\/wp-json\/wp\/v2\/types\/page"}],"author":[{"embeddable":true,"href":"https:\/\/automos.at\/hu\/wp-json\/wp\/v2\/users\/1"}],"replies":[{"embeddable":true,"href":"https:\/\/automos.at\/hu\/wp-json\/wp\/v2\/comments?post=593"}],"version-history":[{"count":2,"href":"https:\/\/automos.at\/hu\/wp-json\/wp\/v2\/pages\/593\/revisions"}],"predecessor-version":[{"id":616,"href":"https:\/\/automos.at\/hu\/wp-json\/wp\/v2\/pages\/593\/revisions\/616"}],"wp:attachment":[{"href":"https:\/\/automos.at\/hu\/wp-json\/wp\/v2\/media?parent=593"}],"curies":[{"name":"wp","href":"https:\/\/api.w.org\/{rel}","templated":true}]}}